{"id":826,"date":"2020-12-02T05:06:09","date_gmt":"2020-12-02T05:06:09","guid":{"rendered":"http:\/\/www.slashcreative.co\/dmip\/psychare\/?page_id=826"},"modified":"2024-11-06T01:27:18","modified_gmt":"2024-11-06T01:27:18","slug":"radiation-wounds","status":"publish","type":"page","link":"https:\/\/integritywound.net\/es\/radiation-wounds\/","title":{"rendered":"Heridas por Radiaci\u00f3n"},"content":{"rendered":"<div class=\"wpb-content-wrapper\"><p><style><\/style><div class=\"vc_row wpb_row vc_row-fluid content-dark data-bg-color-69e5acd751c58 row-z-index-69e5acd751c58\" ><style><\/style><div class=\"wpb_column vc_column_container content-dark vc_col-sm-12 column-z-index-69e5acd751f03\"> \n        <div class=\"vc_column-inner\"> \n            <div class=\"wpb_wrapper\"><style>#slcr_custom_heading_69e5acd7527e7{ font-size: 27px;text-align: left;  }<\/style><h3 id=\"slcr_custom_heading_69e5acd7527e7\" class=\"vc_custom_heading vc_custom_1730697984926 font-700\" >Heridas por Radiaci\u00f3n<\/h3><style>#slcr_custom_heading_69e5acd7529a0{ text-align: left;  }<\/style><p id=\"slcr_custom_heading_69e5acd7529a0\" class=\"vc_custom_heading vc_custom_1730698044224 font-400\" >Las heridas por radiaci\u00f3n, resultado de tratamientos oncol\u00f3gicos, presentan desaf\u00edos particulares y afectan con frecuencia la piel en \u00e1reas tratadas. Estudios muestran una alta prevalencia de complicaciones cut\u00e1neas en pacientes que reciben radioterapia, lo que subraya la necesidad de atenci\u00f3n especializada.<\/p>\n<p>Nuestro equipo entiende las necesidades \u00fanicas de estas heridas. Tienden a tardar m\u00e1s en sanar y son m\u00e1s propensas a infecciones, por lo que requieren un enfoque especializado. Utilizamos t\u00e9cnicas avanzadas y personalizadas para cada paciente, promoviendo una recuperaci\u00f3n \u00f3ptima.<\/p>\n<p>Nuestra prioridad es hacer mas accesible el servicio, llevandolo hasta usted, cuando y donde lo necesite. En Integrity Wound Care, nuestra misi\u00f3n va m\u00e1s all\u00e1 de sanar heridas: buscamos mejorar el bienestar integral de cada paciente.<\/p> \n            <\/div> \n        <\/div>\n    <\/div><\/div><style><\/style><div class=\"vc_row wpb_row vc_row-fluid content-dark data-bg-color-69e5acd752b55 row-z-index-69e5acd752b55\" ><style><\/style><div class=\"wpb_column vc_column_container content-dark vc_col-sm-12 column-z-index-69e5acd752ce9\"> \n        <div class=\"vc_column-inner\"> \n            <div class=\"wpb_wrapper\"><div class=\"vc_separator wpb_content_element vc_separator_align_center vc_sep_width_100 vc_sep_pos_align_center vc_separator_no_text vc_custom_1606374141624 wpb_content_element  vc_custom_1606374141624 wpb_content_element\" ><span class=\"vc_sep_holder vc_sep_holder_l\"><span style=\"border-color:#eeeeee;\" class=\"vc_sep_line\"><\/span><\/span><span class=\"vc_sep_holder vc_sep_holder_r\"><span style=\"border-color:#eeeeee;\" class=\"vc_sep_line\"><\/span><\/span>\n<\/div> \n            <\/div> \n        <\/div>\n    <\/div><\/div><style><\/style><div class=\"vc_row wpb_row vc_row-fluid content-dark data-bg-color-69e5acd7533f1 row-z-index-69e5acd7533f1\" ><style><\/style><div class=\"wpb_column vc_column_container content-dark vc_col-sm-12 column-z-index-69e5acd753570\"> \n        <div class=\"vc_column-inner\"> \n            <div class=\"wpb_wrapper\"><div class=\"vc_empty_space\"   style=\"height: 32px\"><span class=\"vc_empty_space_inner\"><\/span><\/div><div class=\"vc_separator wpb_content_element vc_separator_align_center vc_sep_width_100 vc_sep_pos_align_center vc_separator_no_text vc_custom_1606374739848 wpb_content_element  vc_custom_1606374739848 wpb_content_element\" ><span class=\"vc_sep_holder vc_sep_holder_l\"><span style=\"border-color:#eeeeee;\" class=\"vc_sep_line\"><\/span><\/span><span class=\"vc_sep_holder vc_sep_holder_r\"><span style=\"border-color:#eeeeee;\" class=\"vc_sep_line\"><\/span><\/span>\n<\/div> \n            <\/div> \n        <\/div>\n    <\/div><\/div><style><\/style><div class=\"vc_row wpb_row vc_row-fluid content-dark data-bg-color-69e5acd753cab row-z-index-69e5acd753cab\" ><style><\/style><div class=\"wpb_column vc_column_container content-dark vc_col-sm-12 column-z-index-69e5acd753e2c\"> \n        <div class=\"vc_column-inner\"> \n            <div class=\"wpb_wrapper\"> \n            <\/div> \n        <\/div>\n    <\/div><\/div>\n<\/div>","protected":false},"excerpt":{"rendered":"Radiation WoundsRadiation wounds, resulting from therapeutic treatments for cancer, pose unique challenges and frequently affect the skin in treated areas. Studies show a high prevalence of skin complications among cancer patients undergoing radiation therapy, highlighting the importance of specialized wound care to manage and prevent potential complications. Our skilled team understands the distinct needs associated [...]","protected":false},"author":1,"featured_media":1147,"parent":0,"menu_order":0,"comment_status":"closed","ping_status":"closed","template":"sidebar-right.php","meta":{"_acf_changed":false,"footnotes":""},"class_list":["post-826","page","type-page","status-publish","has-post-thumbnail","hentry"],"acf":[],"yoast_head":"<!-- This site is optimized with the Yoast SEO plugin v26.0 - https:\/\/yoast.com\/wordpress\/plugins\/seo\/ -->\n<title>Radiation Wounds - Integrity Wound Care<\/title>\n<meta name=\"description\" content=\"Radiation wounds, a common complication from cancer treatments, require specialized care to aid healing and prevent issues. Integrity Wound Care provides expert support to manage skin complications from radiation therapy.\" \/>\n<meta name=\"robots\" content=\"index, follow, max-snippet:-1, max-image-preview:large, max-video-preview:-1\" \/>\n<link rel=\"canonical\" href=\"http:\/\/integritywound.net\/es\/radiation-wounds\/\" \/>\n<meta property=\"og:locale\" content=\"es_MX\" \/>\n<meta property=\"og:type\" content=\"article\" \/>\n<meta property=\"og:title\" content=\"Radiation Wounds - Integrity Wound Care\" \/>\n<meta property=\"og:description\" content=\"Radiation wounds, a common complication from cancer treatments, require specialized care to aid healing and prevent issues. Integrity Wound Care provides expert support to manage skin complications from radiation therapy.\" \/>\n<meta property=\"og:url\" content=\"http:\/\/integritywound.net\/es\/radiation-wounds\/\" \/>\n<meta property=\"og:site_name\" content=\"Integrity Wound Care\" \/>\n<meta property=\"article:modified_time\" content=\"2024-11-06T01:27:18+00:00\" \/>\n<meta property=\"og:image\" content=\"http:\/\/integritywound.net\/wp-content\/uploads\/2024\/11\/radiation_wounds.jpg\" \/>\n\t<meta property=\"og:image:width\" content=\"1920\" \/>\n\t<meta property=\"og:image:height\" content=\"588\" \/>\n\t<meta property=\"og:image:type\" content=\"image\/jpeg\" \/>\n<meta name=\"twitter:card\" content=\"summary_large_image\" \/>\n<meta name=\"twitter:label1\" content=\"Tiempo de lectura\" \/>\n\t<meta name=\"twitter:data1\" content=\"1 minuto\" \/>\n<script type=\"application\/ld+json\" class=\"yoast-schema-graph\">{\"@context\":\"https:\/\/schema.org\",\"@graph\":[{\"@type\":\"WebPage\",\"@id\":\"http:\/\/integritywound.net\/radiation-wounds\/\",\"url\":\"http:\/\/integritywound.net\/radiation-wounds\/\",\"name\":\"Radiation Wounds - Integrity Wound Care\",\"isPartOf\":{\"@id\":\"https:\/\/integritywound.net\/es\/#website\"},\"primaryImageOfPage\":{\"@id\":\"http:\/\/integritywound.net\/radiation-wounds\/#primaryimage\"},\"image\":{\"@id\":\"http:\/\/integritywound.net\/radiation-wounds\/#primaryimage\"},\"thumbnailUrl\":\"https:\/\/integritywound.net\/wp-content\/uploads\/2024\/11\/radiation_wounds.jpg\",\"datePublished\":\"2020-12-02T05:06:09+00:00\",\"dateModified\":\"2024-11-06T01:27:18+00:00\",\"description\":\"Radiation wounds, a common complication from cancer treatments, require specialized care to aid healing and prevent issues. Integrity Wound Care provides expert support to manage skin complications from radiation therapy.\",\"breadcrumb\":{\"@id\":\"http:\/\/integritywound.net\/radiation-wounds\/#breadcrumb\"},\"inLanguage\":\"es\",\"potentialAction\":[{\"@type\":\"ReadAction\",\"target\":[\"http:\/\/integritywound.net\/radiation-wounds\/\"]}]},{\"@type\":\"ImageObject\",\"inLanguage\":\"es\",\"@id\":\"http:\/\/integritywound.net\/radiation-wounds\/#primaryimage\",\"url\":\"https:\/\/integritywound.net\/wp-content\/uploads\/2024\/11\/radiation_wounds.jpg\",\"contentUrl\":\"https:\/\/integritywound.net\/wp-content\/uploads\/2024\/11\/radiation_wounds.jpg\",\"width\":1920,\"height\":588},{\"@type\":\"BreadcrumbList\",\"@id\":\"http:\/\/integritywound.net\/radiation-wounds\/#breadcrumb\",\"itemListElement\":[{\"@type\":\"ListItem\",\"position\":1,\"name\":\"Home\",\"item\":\"https:\/\/integritywound.net\/es\/\"},{\"@type\":\"ListItem\",\"position\":2,\"name\":\"Radiation Wounds\"}]},{\"@type\":\"WebSite\",\"@id\":\"https:\/\/integritywound.net\/es\/#website\",\"url\":\"https:\/\/integritywound.net\/es\/\",\"name\":\"Integrity Wound Care\",\"description\":\"\",\"potentialAction\":[{\"@type\":\"SearchAction\",\"target\":{\"@type\":\"EntryPoint\",\"urlTemplate\":\"https:\/\/integritywound.net\/es\/?s={search_term_string}\"},\"query-input\":{\"@type\":\"PropertyValueSpecification\",\"valueRequired\":true,\"valueName\":\"search_term_string\"}}],\"inLanguage\":\"es\"}]}<\/script>\n<!-- \/ Yoast SEO plugin. -->","yoast_head_json":{"title":"Radiation Wounds - Integrity Wound Care","description":"Radiation wounds, a common complication from cancer treatments, require specialized care to aid healing and prevent issues. Integrity Wound Care provides expert support to manage skin complications from radiation therapy.","robots":{"index":"index","follow":"follow","max-snippet":"max-snippet:-1","max-image-preview":"max-image-preview:large","max-video-preview":"max-video-preview:-1"},"canonical":"http:\/\/integritywound.net\/es\/radiation-wounds\/","og_locale":"es_MX","og_type":"article","og_title":"Radiation Wounds - Integrity Wound Care","og_description":"Radiation wounds, a common complication from cancer treatments, require specialized care to aid healing and prevent issues. Integrity Wound Care provides expert support to manage skin complications from radiation therapy.","og_url":"http:\/\/integritywound.net\/es\/radiation-wounds\/","og_site_name":"Integrity Wound Care","article_modified_time":"2024-11-06T01:27:18+00:00","og_image":[{"width":1920,"height":588,"url":"http:\/\/integritywound.net\/wp-content\/uploads\/2024\/11\/radiation_wounds.jpg","type":"image\/jpeg"}],"twitter_card":"summary_large_image","twitter_misc":{"Tiempo de lectura":"1 minuto"},"schema":{"@context":"https:\/\/schema.org","@graph":[{"@type":"WebPage","@id":"http:\/\/integritywound.net\/radiation-wounds\/","url":"http:\/\/integritywound.net\/radiation-wounds\/","name":"Radiation Wounds - Integrity Wound Care","isPartOf":{"@id":"https:\/\/integritywound.net\/es\/#website"},"primaryImageOfPage":{"@id":"http:\/\/integritywound.net\/radiation-wounds\/#primaryimage"},"image":{"@id":"http:\/\/integritywound.net\/radiation-wounds\/#primaryimage"},"thumbnailUrl":"https:\/\/integritywound.net\/wp-content\/uploads\/2024\/11\/radiation_wounds.jpg","datePublished":"2020-12-02T05:06:09+00:00","dateModified":"2024-11-06T01:27:18+00:00","description":"Radiation wounds, a common complication from cancer treatments, require specialized care to aid healing and prevent issues. Integrity Wound Care provides expert support to manage skin complications from radiation therapy.","breadcrumb":{"@id":"http:\/\/integritywound.net\/radiation-wounds\/#breadcrumb"},"inLanguage":"es","potentialAction":[{"@type":"ReadAction","target":["http:\/\/integritywound.net\/radiation-wounds\/"]}]},{"@type":"ImageObject","inLanguage":"es","@id":"http:\/\/integritywound.net\/radiation-wounds\/#primaryimage","url":"https:\/\/integritywound.net\/wp-content\/uploads\/2024\/11\/radiation_wounds.jpg","contentUrl":"https:\/\/integritywound.net\/wp-content\/uploads\/2024\/11\/radiation_wounds.jpg","width":1920,"height":588},{"@type":"BreadcrumbList","@id":"http:\/\/integritywound.net\/radiation-wounds\/#breadcrumb","itemListElement":[{"@type":"ListItem","position":1,"name":"Home","item":"https:\/\/integritywound.net\/es\/"},{"@type":"ListItem","position":2,"name":"Radiation Wounds"}]},{"@type":"WebSite","@id":"https:\/\/integritywound.net\/es\/#website","url":"https:\/\/integritywound.net\/es\/","name":"Integrity Wound Care","description":"","potentialAction":[{"@type":"SearchAction","target":{"@type":"EntryPoint","urlTemplate":"https:\/\/integritywound.net\/es\/?s={search_term_string}"},"query-input":{"@type":"PropertyValueSpecification","valueRequired":true,"valueName":"search_term_string"}}],"inLanguage":"es"}]}},"_links":{"self":[{"href":"https:\/\/integritywound.net\/es\/wp-json\/wp\/v2\/pages\/826","targetHints":{"allow":["GET"]}}],"collection":[{"href":"https:\/\/integritywound.net\/es\/wp-json\/wp\/v2\/pages"}],"about":[{"href":"https:\/\/integritywound.net\/es\/wp-json\/wp\/v2\/types\/page"}],"author":[{"embeddable":true,"href":"https:\/\/integritywound.net\/es\/wp-json\/wp\/v2\/users\/1"}],"replies":[{"embeddable":true,"href":"https:\/\/integritywound.net\/es\/wp-json\/wp\/v2\/comments?post=826"}],"version-history":[{"count":3,"href":"https:\/\/integritywound.net\/es\/wp-json\/wp\/v2\/pages\/826\/revisions"}],"predecessor-version":[{"id":1146,"href":"https:\/\/integritywound.net\/es\/wp-json\/wp\/v2\/pages\/826\/revisions\/1146"}],"wp:featuredmedia":[{"embeddable":true,"href":"https:\/\/integritywound.net\/es\/wp-json\/wp\/v2\/media\/1147"}],"wp:attachment":[{"href":"https:\/\/integritywound.net\/es\/wp-json\/wp\/v2\/media?parent=826"}],"curies":[{"name":"wp","href":"https:\/\/api.w.org\/{rel}","templated":true}]}}