{"id":822,"date":"2020-12-02T05:02:08","date_gmt":"2020-12-02T05:02:08","guid":{"rendered":"http:\/\/www.slashcreative.co\/dmip\/psychare\/?page_id=822"},"modified":"2024-11-06T01:25:55","modified_gmt":"2024-11-06T01:25:55","slug":"arterial-ulcerations","status":"publish","type":"page","link":"https:\/\/integritywound.net\/es\/arterial-ulcerations\/","title":{"rendered":"\u00dalceras Arteriales"},"content":{"rendered":"<div class=\"wpb-content-wrapper\"><p><style><\/style><div class=\"vc_row wpb_row vc_row-fluid content-dark data-bg-color-69e5ad04ca5c1 row-z-index-69e5ad04ca5c1\" ><style><\/style><div class=\"wpb_column vc_column_container content-dark vc_col-sm-12 column-z-index-69e5ad04ca77c\"> \n        <div class=\"vc_column-inner\"> \n            <div class=\"wpb_wrapper\"><style>#slcr_custom_heading_69e5ad04cb05d{ font-size: 27px;text-align: left;  }<\/style><h3 id=\"slcr_custom_heading_69e5ad04cb05d\" class=\"vc_custom_heading vc_custom_1730697730398 font-700\" >\u00dalceras Arteriales<\/h3><style>#slcr_custom_heading_69e5ad04cb1d0{ text-align: left;  }<\/style><p id=\"slcr_custom_heading_69e5ad04cb1d0\" class=\"vc_custom_heading vc_custom_1730697805653 font-400\" >Las \u00falceras arteriales, tambi\u00e9n llamadas isqu\u00e9micas, son heridas dolorosas que aparecen por mala circulaci\u00f3n sangu\u00ednea. Cuando la piel y los tejidos no reciben suficiente ox\u00edgeno, se deterioran y se abren. Estas \u00falceras aparecen principalmente en extremidades inferiores como dedos de los pies, talones, tobillos o zonas de presi\u00f3n por caminar o calzado.<\/p>\n<p>Tienen una apariencia \"perforada\", a menudo circulares con color rojo, amarillo o negro. La extremidad afectada puede sentirse fr\u00eda al tacto y las \u00falceras suelen ser muy dolorosas. Un m\u00e9todo com\u00fan de alivio es dejar las piernas colgando del borde de la cama para facilitar el flujo sangu\u00edneo.<\/p>\n<p>El tratamiento eficaz no solo alivia el dolor, sino que promueve la curaci\u00f3n y previene m\u00e1s complicaciones. Nuestro enfoque principal es mejorar la circulaci\u00f3n, aliviar presi\u00f3n y brindar cuidados personalizados que apoyen el proceso natural de sanaci\u00f3n.<\/p> \n            <\/div> \n        <\/div>\n    <\/div><\/div><style><\/style><div class=\"vc_row wpb_row vc_row-fluid content-dark data-bg-color-69e5ad04cb2dd row-z-index-69e5ad04cb2dd\" ><style><\/style><div class=\"wpb_column vc_column_container content-dark vc_col-sm-12 column-z-index-69e5ad04cb4a3\"> \n        <div class=\"vc_column-inner\"> \n            <div class=\"wpb_wrapper\"><div class=\"vc_separator wpb_content_element vc_separator_align_center vc_sep_width_100 vc_sep_pos_align_center vc_separator_no_text vc_custom_1606374141624 wpb_content_element  vc_custom_1606374141624 wpb_content_element\" ><span class=\"vc_sep_holder vc_sep_holder_l\"><span style=\"border-color:#eeeeee;\" class=\"vc_sep_line\"><\/span><\/span><span class=\"vc_sep_holder vc_sep_holder_r\"><span style=\"border-color:#eeeeee;\" class=\"vc_sep_line\"><\/span><\/span>\n<\/div> \n            <\/div> \n        <\/div>\n    <\/div><\/div><style><\/style><div class=\"vc_row wpb_row vc_row-fluid content-dark data-bg-color-69e5ad04cba01 row-z-index-69e5ad04cba01\" ><style><\/style><div class=\"wpb_column vc_column_container content-dark vc_col-sm-12 column-z-index-69e5ad04cbb0d\"> \n        <div class=\"vc_column-inner\"> \n            <div class=\"wpb_wrapper\"><div class=\"vc_empty_space\"   style=\"height: 32px\"><span class=\"vc_empty_space_inner\"><\/span><\/div><div class=\"vc_separator wpb_content_element vc_separator_align_center vc_sep_width_100 vc_sep_pos_align_center vc_separator_no_text vc_custom_1606374739848 wpb_content_element  vc_custom_1606374739848 wpb_content_element\" ><span class=\"vc_sep_holder vc_sep_holder_l\"><span style=\"border-color:#eeeeee;\" class=\"vc_sep_line\"><\/span><\/span><span class=\"vc_sep_holder vc_sep_holder_r\"><span style=\"border-color:#eeeeee;\" class=\"vc_sep_line\"><\/span><\/span>\n<\/div> \n            <\/div> \n        <\/div>\n    <\/div><\/div><style><\/style><div class=\"vc_row wpb_row vc_row-fluid content-dark data-bg-color-69e5ad04cc04e row-z-index-69e5ad04cc04e\" ><style><\/style><div class=\"wpb_column vc_column_container content-dark vc_col-sm-12 column-z-index-69e5ad04cc142\"> \n        <div class=\"vc_column-inner\"> \n            <div class=\"wpb_wrapper\"> \n            <\/div> \n        <\/div>\n    <\/div><\/div>\n<\/div>","protected":false},"excerpt":{"rendered":"Arterial UlcerationsArterial ulcers, also known as ischemic ulcers, are painful wounds that develop due to poor blood circulation. When the skin and underlying tissues don\u2019t receive enough oxygen-rich blood, the tissue begins to deteriorate, resulting in open wounds. These ulcers usually form on the lower extremities, such as the toes, heels, outer ankle, or areas [...]","protected":false},"author":1,"featured_media":1134,"parent":0,"menu_order":0,"comment_status":"closed","ping_status":"closed","template":"sidebar-right.php","meta":{"_acf_changed":false,"footnotes":""},"class_list":["post-822","page","type-page","status-publish","has-post-thumbnail","hentry"],"acf":[],"yoast_head":"<!-- This site is optimized with the Yoast SEO plugin v26.0 - https:\/\/yoast.com\/wordpress\/plugins\/seo\/ -->\n<title>Arterial Ulcerations - Integrity Wound Care<\/title>\n<meta name=\"description\" content=\"Arterial ulcers, or ischemic ulcers, are painful wounds caused by poor circulation, often affecting toes, heels, and ankles. Integrity Wound Care offers specialized treatment to promote healing and improve blood flow for effective relief.\" \/>\n<meta name=\"robots\" content=\"index, follow, max-snippet:-1, max-image-preview:large, max-video-preview:-1\" \/>\n<link rel=\"canonical\" href=\"http:\/\/integritywound.net\/es\/arterial-ulcerations\/\" \/>\n<meta property=\"og:locale\" content=\"es_MX\" \/>\n<meta property=\"og:type\" content=\"article\" \/>\n<meta property=\"og:title\" content=\"Arterial Ulcerations - Integrity Wound Care\" \/>\n<meta property=\"og:description\" content=\"Arterial ulcers, or ischemic ulcers, are painful wounds caused by poor circulation, often affecting toes, heels, and ankles. Integrity Wound Care offers specialized treatment to promote healing and improve blood flow for effective relief.\" \/>\n<meta property=\"og:url\" content=\"http:\/\/integritywound.net\/es\/arterial-ulcerations\/\" \/>\n<meta property=\"og:site_name\" content=\"Integrity Wound Care\" \/>\n<meta property=\"article:modified_time\" content=\"2024-11-06T01:25:55+00:00\" \/>\n<meta property=\"og:image\" content=\"http:\/\/integritywound.net\/wp-content\/uploads\/2024\/11\/arterial_ulcerations.jpg\" \/>\n\t<meta property=\"og:image:width\" content=\"1920\" \/>\n\t<meta property=\"og:image:height\" content=\"1282\" \/>\n\t<meta property=\"og:image:type\" content=\"image\/jpeg\" \/>\n<meta name=\"twitter:card\" content=\"summary_large_image\" \/>\n<meta name=\"twitter:label1\" content=\"Tiempo de lectura\" \/>\n\t<meta name=\"twitter:data1\" content=\"2 minutos\" \/>\n<script type=\"application\/ld+json\" class=\"yoast-schema-graph\">{\"@context\":\"https:\/\/schema.org\",\"@graph\":[{\"@type\":\"WebPage\",\"@id\":\"http:\/\/integritywound.net\/arterial-ulcerations\/\",\"url\":\"http:\/\/integritywound.net\/arterial-ulcerations\/\",\"name\":\"Arterial Ulcerations - Integrity Wound Care\",\"isPartOf\":{\"@id\":\"https:\/\/integritywound.net\/es\/#website\"},\"primaryImageOfPage\":{\"@id\":\"http:\/\/integritywound.net\/arterial-ulcerations\/#primaryimage\"},\"image\":{\"@id\":\"http:\/\/integritywound.net\/arterial-ulcerations\/#primaryimage\"},\"thumbnailUrl\":\"https:\/\/integritywound.net\/wp-content\/uploads\/2024\/11\/arterial_ulcerations.jpg\",\"datePublished\":\"2020-12-02T05:02:08+00:00\",\"dateModified\":\"2024-11-06T01:25:55+00:00\",\"description\":\"Arterial ulcers, or ischemic ulcers, are painful wounds caused by poor circulation, often affecting toes, heels, and ankles. Integrity Wound Care offers specialized treatment to promote healing and improve blood flow for effective relief.\",\"breadcrumb\":{\"@id\":\"http:\/\/integritywound.net\/arterial-ulcerations\/#breadcrumb\"},\"inLanguage\":\"es\",\"potentialAction\":[{\"@type\":\"ReadAction\",\"target\":[\"http:\/\/integritywound.net\/arterial-ulcerations\/\"]}]},{\"@type\":\"ImageObject\",\"inLanguage\":\"es\",\"@id\":\"http:\/\/integritywound.net\/arterial-ulcerations\/#primaryimage\",\"url\":\"https:\/\/integritywound.net\/wp-content\/uploads\/2024\/11\/arterial_ulcerations.jpg\",\"contentUrl\":\"https:\/\/integritywound.net\/wp-content\/uploads\/2024\/11\/arterial_ulcerations.jpg\",\"width\":1920,\"height\":1282},{\"@type\":\"BreadcrumbList\",\"@id\":\"http:\/\/integritywound.net\/arterial-ulcerations\/#breadcrumb\",\"itemListElement\":[{\"@type\":\"ListItem\",\"position\":1,\"name\":\"Home\",\"item\":\"https:\/\/integritywound.net\/es\/\"},{\"@type\":\"ListItem\",\"position\":2,\"name\":\"Arterial Ulcerations\"}]},{\"@type\":\"WebSite\",\"@id\":\"https:\/\/integritywound.net\/es\/#website\",\"url\":\"https:\/\/integritywound.net\/es\/\",\"name\":\"Integrity Wound Care\",\"description\":\"\",\"potentialAction\":[{\"@type\":\"SearchAction\",\"target\":{\"@type\":\"EntryPoint\",\"urlTemplate\":\"https:\/\/integritywound.net\/es\/?s={search_term_string}\"},\"query-input\":{\"@type\":\"PropertyValueSpecification\",\"valueRequired\":true,\"valueName\":\"search_term_string\"}}],\"inLanguage\":\"es\"}]}<\/script>\n<!-- \/ Yoast SEO plugin. -->","yoast_head_json":{"title":"Arterial Ulcerations - Integrity Wound Care","description":"Arterial ulcers, or ischemic ulcers, are painful wounds caused by poor circulation, often affecting toes, heels, and ankles. Integrity Wound Care offers specialized treatment to promote healing and improve blood flow for effective relief.","robots":{"index":"index","follow":"follow","max-snippet":"max-snippet:-1","max-image-preview":"max-image-preview:large","max-video-preview":"max-video-preview:-1"},"canonical":"http:\/\/integritywound.net\/es\/arterial-ulcerations\/","og_locale":"es_MX","og_type":"article","og_title":"Arterial Ulcerations - Integrity Wound Care","og_description":"Arterial ulcers, or ischemic ulcers, are painful wounds caused by poor circulation, often affecting toes, heels, and ankles. Integrity Wound Care offers specialized treatment to promote healing and improve blood flow for effective relief.","og_url":"http:\/\/integritywound.net\/es\/arterial-ulcerations\/","og_site_name":"Integrity Wound Care","article_modified_time":"2024-11-06T01:25:55+00:00","og_image":[{"width":1920,"height":1282,"url":"http:\/\/integritywound.net\/wp-content\/uploads\/2024\/11\/arterial_ulcerations.jpg","type":"image\/jpeg"}],"twitter_card":"summary_large_image","twitter_misc":{"Tiempo de lectura":"2 minutos"},"schema":{"@context":"https:\/\/schema.org","@graph":[{"@type":"WebPage","@id":"http:\/\/integritywound.net\/arterial-ulcerations\/","url":"http:\/\/integritywound.net\/arterial-ulcerations\/","name":"Arterial Ulcerations - Integrity Wound Care","isPartOf":{"@id":"https:\/\/integritywound.net\/es\/#website"},"primaryImageOfPage":{"@id":"http:\/\/integritywound.net\/arterial-ulcerations\/#primaryimage"},"image":{"@id":"http:\/\/integritywound.net\/arterial-ulcerations\/#primaryimage"},"thumbnailUrl":"https:\/\/integritywound.net\/wp-content\/uploads\/2024\/11\/arterial_ulcerations.jpg","datePublished":"2020-12-02T05:02:08+00:00","dateModified":"2024-11-06T01:25:55+00:00","description":"Arterial ulcers, or ischemic ulcers, are painful wounds caused by poor circulation, often affecting toes, heels, and ankles. Integrity Wound Care offers specialized treatment to promote healing and improve blood flow for effective relief.","breadcrumb":{"@id":"http:\/\/integritywound.net\/arterial-ulcerations\/#breadcrumb"},"inLanguage":"es","potentialAction":[{"@type":"ReadAction","target":["http:\/\/integritywound.net\/arterial-ulcerations\/"]}]},{"@type":"ImageObject","inLanguage":"es","@id":"http:\/\/integritywound.net\/arterial-ulcerations\/#primaryimage","url":"https:\/\/integritywound.net\/wp-content\/uploads\/2024\/11\/arterial_ulcerations.jpg","contentUrl":"https:\/\/integritywound.net\/wp-content\/uploads\/2024\/11\/arterial_ulcerations.jpg","width":1920,"height":1282},{"@type":"BreadcrumbList","@id":"http:\/\/integritywound.net\/arterial-ulcerations\/#breadcrumb","itemListElement":[{"@type":"ListItem","position":1,"name":"Home","item":"https:\/\/integritywound.net\/es\/"},{"@type":"ListItem","position":2,"name":"Arterial Ulcerations"}]},{"@type":"WebSite","@id":"https:\/\/integritywound.net\/es\/#website","url":"https:\/\/integritywound.net\/es\/","name":"Integrity Wound Care","description":"","potentialAction":[{"@type":"SearchAction","target":{"@type":"EntryPoint","urlTemplate":"https:\/\/integritywound.net\/es\/?s={search_term_string}"},"query-input":{"@type":"PropertyValueSpecification","valueRequired":true,"valueName":"search_term_string"}}],"inLanguage":"es"}]}},"_links":{"self":[{"href":"https:\/\/integritywound.net\/es\/wp-json\/wp\/v2\/pages\/822","targetHints":{"allow":["GET"]}}],"collection":[{"href":"https:\/\/integritywound.net\/es\/wp-json\/wp\/v2\/pages"}],"about":[{"href":"https:\/\/integritywound.net\/es\/wp-json\/wp\/v2\/types\/page"}],"author":[{"embeddable":true,"href":"https:\/\/integritywound.net\/es\/wp-json\/wp\/v2\/users\/1"}],"replies":[{"embeddable":true,"href":"https:\/\/integritywound.net\/es\/wp-json\/wp\/v2\/comments?post=822"}],"version-history":[{"count":4,"href":"https:\/\/integritywound.net\/es\/wp-json\/wp\/v2\/pages\/822\/revisions"}],"predecessor-version":[{"id":1056,"href":"https:\/\/integritywound.net\/es\/wp-json\/wp\/v2\/pages\/822\/revisions\/1056"}],"wp:featuredmedia":[{"embeddable":true,"href":"https:\/\/integritywound.net\/es\/wp-json\/wp\/v2\/media\/1134"}],"wp:attachment":[{"href":"https:\/\/integritywound.net\/es\/wp-json\/wp\/v2\/media?parent=822"}],"curies":[{"name":"wp","href":"https:\/\/api.w.org\/{rel}","templated":true}]}}