{"id":812,"date":"2020-12-02T04:37:05","date_gmt":"2020-12-02T04:37:05","guid":{"rendered":"http:\/\/www.slashcreative.co\/dmip\/psychare\/?page_id=812"},"modified":"2024-11-06T01:27:05","modified_gmt":"2024-11-06T01:27:05","slug":"pressure-ulcers","status":"publish","type":"page","link":"https:\/\/integritywound.net\/es\/pressure-ulcers\/","title":{"rendered":"\u00dalceras Por Presi\u00f3n"},"content":{"rendered":"<div class=\"wpb-content-wrapper\"><p><style><\/style><div class=\"vc_row wpb_row vc_row-fluid content-dark data-bg-color-69e5acc0cc171 row-z-index-69e5acc0cc171\" ><style><\/style><div class=\"wpb_column vc_column_container content-dark vc_col-sm-12 column-z-index-69e5acc0cc3ef\"> \n        <div class=\"vc_column-inner\"> \n            <div class=\"wpb_wrapper\"><style>#slcr_custom_heading_69e5acc0cc9da{ font-size: 27px;text-align: left;  }<\/style><h3 id=\"slcr_custom_heading_69e5acc0cc9da\" class=\"vc_custom_heading vc_custom_1730685906895 font-700\" >\u00dalceras Por Presi\u00f3n<\/h3><style>#slcr_custom_heading_69e5acc0ccbde{ text-align: left;  }<\/style><p id=\"slcr_custom_heading_69e5acc0ccbde\" class=\"vc_custom_heading vc_custom_1730686001338 font-400\" >Las \u00falceras por presi\u00f3n, tambi\u00e9n conocidas como escaras, resultan de la presi\u00f3n prolongada sobre la piel, afectando a personas con movilidad limitada que pasan la mayor parte del tiempo en cama o sentadas. Suelen formarse en zonas \u00f3seas como talones, tobillos, caderas y coxis.\nEstas lesiones suelen empezar como manchas rojas, azules o moradas que no desaparecen al presionarlas, y pueden agravarse r\u00e1pidamente si no se tratan, convirti\u00e9ndose en ampollas o heridas abiertas.<\/p>\n<p>Estas lesiones suelen empezar como manchas rojas, azules o moradas que no desaparecen al presionarlas, y pueden agravarse r\u00e1pidamente si no se tratan, convirti\u00e9ndose en ampollas o heridas abiertas.<\/p>\n<p>S\u00edntomas comunes:<\/p>\n<p>\u2022\tCambios en el color o textura de la piel<br \/>\n\u2022\tHinchaz\u00f3n<br \/>\n\u2022\tSecreci\u00f3n parecida a la pus<br \/>\n\u2022\t\u00c1reas de piel m\u00e1s fr\u00edas o calientes que el entorno<br \/>\n\u2022\tZonas sensibles o doloridas<\/p>\n<p>Nuestro plan de tratamiento incluye manejo del dolor, sanaci\u00f3n de la herida y estrategias de prevenci\u00f3n como cambios regulares de posici\u00f3n, equipos especializados, nutrici\u00f3n balanceada y cuidado de la piel en \u00e1reas vulnerables.<\/p>\n<p>Contamos con un equipo comprometido que brinda atenci\u00f3n avanzada y personalizada para una recuperaci\u00f3n m\u00e1s r\u00e1pida y mejor calidad de vida.<\/p> \n            <\/div> \n        <\/div>\n    <\/div><\/div><style><\/style><div class=\"vc_row wpb_row vc_row-fluid content-dark data-bg-color-69e5acc0ccd72 row-z-index-69e5acc0ccd72\" ><style><\/style><div class=\"wpb_column vc_column_container content-dark vc_col-sm-12 column-z-index-69e5acc0ccee3\"> \n        <div class=\"vc_column-inner\"> \n            <div class=\"wpb_wrapper\"><div class=\"vc_separator wpb_content_element vc_separator_align_center vc_sep_width_100 vc_sep_pos_align_center vc_separator_no_text vc_custom_1606374141624 wpb_content_element  vc_custom_1606374141624 wpb_content_element\" ><span class=\"vc_sep_holder vc_sep_holder_l\"><span style=\"border-color:#eeeeee;\" class=\"vc_sep_line\"><\/span><\/span><span class=\"vc_sep_holder vc_sep_holder_r\"><span style=\"border-color:#eeeeee;\" class=\"vc_sep_line\"><\/span><\/span>\n<\/div> \n            <\/div> \n        <\/div>\n    <\/div><\/div><style><\/style><div class=\"vc_row wpb_row vc_row-fluid content-dark data-bg-color-69e5acc0cd518 row-z-index-69e5acc0cd518\" ><style><\/style><div class=\"wpb_column vc_column_container content-dark vc_col-sm-12 column-z-index-69e5acc0cd733\"> \n        <div class=\"vc_column-inner\"> \n            <div class=\"wpb_wrapper\"><div class=\"vc_empty_space\"   style=\"height: 32px\"><span class=\"vc_empty_space_inner\"><\/span><\/div><div class=\"vc_separator wpb_content_element vc_separator_align_center vc_sep_width_100 vc_sep_pos_align_center vc_separator_no_text vc_custom_1606374739848 wpb_content_element  vc_custom_1606374739848 wpb_content_element\" ><span class=\"vc_sep_holder vc_sep_holder_l\"><span style=\"border-color:#eeeeee;\" class=\"vc_sep_line\"><\/span><\/span><span class=\"vc_sep_holder vc_sep_holder_r\"><span style=\"border-color:#eeeeee;\" class=\"vc_sep_line\"><\/span><\/span>\n<\/div> \n            <\/div> \n        <\/div>\n    <\/div><\/div><style><\/style><div class=\"vc_row wpb_row vc_row-fluid content-dark data-bg-color-69e5acc0cde45 row-z-index-69e5acc0cde45\" ><style><\/style><div class=\"wpb_column vc_column_container content-dark vc_col-sm-12 column-z-index-69e5acc0cdfbe\"> \n        <div class=\"vc_column-inner\"> \n            <div class=\"wpb_wrapper\"> \n            <\/div> \n        <\/div>\n    <\/div><\/div>\n<\/div>","protected":false},"excerpt":{"rendered":"Pressure UlcersPressure ulcers, often known as bedsores, result from prolonged pressure on the skin, particularly affecting those with medical conditions that limit movement and cause them to spend most of their time in bed or seated. These sores typically form on skin over bony areas such as the heels, ankles, hips, and tailbone. Pressure injuries [...]","protected":false},"author":1,"featured_media":1139,"parent":0,"menu_order":0,"comment_status":"closed","ping_status":"closed","template":"sidebar-right.php","meta":{"_acf_changed":false,"footnotes":""},"class_list":["post-812","page","type-page","status-publish","has-post-thumbnail","hentry"],"acf":[],"yoast_head":"<!-- This site is optimized with the Yoast SEO plugin v26.0 - https:\/\/yoast.com\/wordpress\/plugins\/seo\/ -->\n<title>Pressure Ulcers - Integrity Wound Care<\/title>\n<meta name=\"description\" content=\"Pressure ulcers, or bedsores, develop from prolonged pressure on the skin, often in individuals with limited mobility. Integrity Wound Care provides specialized treatment to prevent and heal sores on areas like heels, hips, and tailbone.\" \/>\n<meta name=\"robots\" content=\"index, follow, max-snippet:-1, max-image-preview:large, max-video-preview:-1\" \/>\n<link rel=\"canonical\" href=\"https:\/\/integritywound.net\/es\/pressure-ulcers\/\" \/>\n<meta property=\"og:locale\" content=\"es_MX\" \/>\n<meta property=\"og:type\" content=\"article\" \/>\n<meta property=\"og:title\" content=\"Pressure Ulcers - Integrity Wound Care\" \/>\n<meta property=\"og:description\" content=\"Pressure ulcers, or bedsores, develop from prolonged pressure on the skin, often in individuals with limited mobility. Integrity Wound Care provides specialized treatment to prevent and heal sores on areas like heels, hips, and tailbone.\" \/>\n<meta property=\"og:url\" content=\"https:\/\/integritywound.net\/es\/pressure-ulcers\/\" \/>\n<meta property=\"og:site_name\" content=\"Integrity Wound Care\" \/>\n<meta property=\"article:modified_time\" content=\"2024-11-06T01:27:05+00:00\" \/>\n<meta property=\"og:image\" content=\"https:\/\/integritywound.net\/wp-content\/uploads\/2024\/11\/pressure_ulcers.jpg\" \/>\n\t<meta property=\"og:image:width\" content=\"1920\" \/>\n\t<meta property=\"og:image:height\" content=\"1281\" \/>\n\t<meta property=\"og:image:type\" content=\"image\/jpeg\" \/>\n<meta name=\"twitter:card\" content=\"summary_large_image\" \/>\n<meta name=\"twitter:label1\" content=\"Tiempo de lectura\" \/>\n\t<meta name=\"twitter:data1\" content=\"2 minutos\" \/>\n<script type=\"application\/ld+json\" class=\"yoast-schema-graph\">{\"@context\":\"https:\/\/schema.org\",\"@graph\":[{\"@type\":\"WebPage\",\"@id\":\"https:\/\/integritywound.net\/pressure-ulcers\/\",\"url\":\"https:\/\/integritywound.net\/pressure-ulcers\/\",\"name\":\"Pressure Ulcers - Integrity Wound Care\",\"isPartOf\":{\"@id\":\"https:\/\/integritywound.net\/es\/#website\"},\"primaryImageOfPage\":{\"@id\":\"https:\/\/integritywound.net\/pressure-ulcers\/#primaryimage\"},\"image\":{\"@id\":\"https:\/\/integritywound.net\/pressure-ulcers\/#primaryimage\"},\"thumbnailUrl\":\"https:\/\/integritywound.net\/wp-content\/uploads\/2024\/11\/pressure_ulcers.jpg\",\"datePublished\":\"2020-12-02T04:37:05+00:00\",\"dateModified\":\"2024-11-06T01:27:05+00:00\",\"description\":\"Pressure ulcers, or bedsores, develop from prolonged pressure on the skin, often in individuals with limited mobility. Integrity Wound Care provides specialized treatment to prevent and heal sores on areas like heels, hips, and tailbone.\",\"breadcrumb\":{\"@id\":\"https:\/\/integritywound.net\/pressure-ulcers\/#breadcrumb\"},\"inLanguage\":\"es\",\"potentialAction\":[{\"@type\":\"ReadAction\",\"target\":[\"https:\/\/integritywound.net\/pressure-ulcers\/\"]}]},{\"@type\":\"ImageObject\",\"inLanguage\":\"es\",\"@id\":\"https:\/\/integritywound.net\/pressure-ulcers\/#primaryimage\",\"url\":\"https:\/\/integritywound.net\/wp-content\/uploads\/2024\/11\/pressure_ulcers.jpg\",\"contentUrl\":\"https:\/\/integritywound.net\/wp-content\/uploads\/2024\/11\/pressure_ulcers.jpg\",\"width\":1920,\"height\":1281},{\"@type\":\"BreadcrumbList\",\"@id\":\"https:\/\/integritywound.net\/pressure-ulcers\/#breadcrumb\",\"itemListElement\":[{\"@type\":\"ListItem\",\"position\":1,\"name\":\"Home\",\"item\":\"https:\/\/integritywound.net\/es\/\"},{\"@type\":\"ListItem\",\"position\":2,\"name\":\"Pressure Ulcers\"}]},{\"@type\":\"WebSite\",\"@id\":\"https:\/\/integritywound.net\/es\/#website\",\"url\":\"https:\/\/integritywound.net\/es\/\",\"name\":\"Integrity Wound Care\",\"description\":\"\",\"potentialAction\":[{\"@type\":\"SearchAction\",\"target\":{\"@type\":\"EntryPoint\",\"urlTemplate\":\"https:\/\/integritywound.net\/es\/?s={search_term_string}\"},\"query-input\":{\"@type\":\"PropertyValueSpecification\",\"valueRequired\":true,\"valueName\":\"search_term_string\"}}],\"inLanguage\":\"es\"}]}<\/script>\n<!-- \/ Yoast SEO plugin. -->","yoast_head_json":{"title":"Pressure Ulcers - Integrity Wound Care","description":"Pressure ulcers, or bedsores, develop from prolonged pressure on the skin, often in individuals with limited mobility. Integrity Wound Care provides specialized treatment to prevent and heal sores on areas like heels, hips, and tailbone.","robots":{"index":"index","follow":"follow","max-snippet":"max-snippet:-1","max-image-preview":"max-image-preview:large","max-video-preview":"max-video-preview:-1"},"canonical":"https:\/\/integritywound.net\/es\/pressure-ulcers\/","og_locale":"es_MX","og_type":"article","og_title":"Pressure Ulcers - Integrity Wound Care","og_description":"Pressure ulcers, or bedsores, develop from prolonged pressure on the skin, often in individuals with limited mobility. Integrity Wound Care provides specialized treatment to prevent and heal sores on areas like heels, hips, and tailbone.","og_url":"https:\/\/integritywound.net\/es\/pressure-ulcers\/","og_site_name":"Integrity Wound Care","article_modified_time":"2024-11-06T01:27:05+00:00","og_image":[{"width":1920,"height":1281,"url":"https:\/\/integritywound.net\/wp-content\/uploads\/2024\/11\/pressure_ulcers.jpg","type":"image\/jpeg"}],"twitter_card":"summary_large_image","twitter_misc":{"Tiempo de lectura":"2 minutos"},"schema":{"@context":"https:\/\/schema.org","@graph":[{"@type":"WebPage","@id":"https:\/\/integritywound.net\/pressure-ulcers\/","url":"https:\/\/integritywound.net\/pressure-ulcers\/","name":"Pressure Ulcers - Integrity Wound Care","isPartOf":{"@id":"https:\/\/integritywound.net\/es\/#website"},"primaryImageOfPage":{"@id":"https:\/\/integritywound.net\/pressure-ulcers\/#primaryimage"},"image":{"@id":"https:\/\/integritywound.net\/pressure-ulcers\/#primaryimage"},"thumbnailUrl":"https:\/\/integritywound.net\/wp-content\/uploads\/2024\/11\/pressure_ulcers.jpg","datePublished":"2020-12-02T04:37:05+00:00","dateModified":"2024-11-06T01:27:05+00:00","description":"Pressure ulcers, or bedsores, develop from prolonged pressure on the skin, often in individuals with limited mobility. Integrity Wound Care provides specialized treatment to prevent and heal sores on areas like heels, hips, and tailbone.","breadcrumb":{"@id":"https:\/\/integritywound.net\/pressure-ulcers\/#breadcrumb"},"inLanguage":"es","potentialAction":[{"@type":"ReadAction","target":["https:\/\/integritywound.net\/pressure-ulcers\/"]}]},{"@type":"ImageObject","inLanguage":"es","@id":"https:\/\/integritywound.net\/pressure-ulcers\/#primaryimage","url":"https:\/\/integritywound.net\/wp-content\/uploads\/2024\/11\/pressure_ulcers.jpg","contentUrl":"https:\/\/integritywound.net\/wp-content\/uploads\/2024\/11\/pressure_ulcers.jpg","width":1920,"height":1281},{"@type":"BreadcrumbList","@id":"https:\/\/integritywound.net\/pressure-ulcers\/#breadcrumb","itemListElement":[{"@type":"ListItem","position":1,"name":"Home","item":"https:\/\/integritywound.net\/es\/"},{"@type":"ListItem","position":2,"name":"Pressure Ulcers"}]},{"@type":"WebSite","@id":"https:\/\/integritywound.net\/es\/#website","url":"https:\/\/integritywound.net\/es\/","name":"Integrity Wound Care","description":"","potentialAction":[{"@type":"SearchAction","target":{"@type":"EntryPoint","urlTemplate":"https:\/\/integritywound.net\/es\/?s={search_term_string}"},"query-input":{"@type":"PropertyValueSpecification","valueRequired":true,"valueName":"search_term_string"}}],"inLanguage":"es"}]}},"_links":{"self":[{"href":"https:\/\/integritywound.net\/es\/wp-json\/wp\/v2\/pages\/812","targetHints":{"allow":["GET"]}}],"collection":[{"href":"https:\/\/integritywound.net\/es\/wp-json\/wp\/v2\/pages"}],"about":[{"href":"https:\/\/integritywound.net\/es\/wp-json\/wp\/v2\/types\/page"}],"author":[{"embeddable":true,"href":"https:\/\/integritywound.net\/es\/wp-json\/wp\/v2\/users\/1"}],"replies":[{"embeddable":true,"href":"https:\/\/integritywound.net\/es\/wp-json\/wp\/v2\/comments?post=812"}],"version-history":[{"count":4,"href":"https:\/\/integritywound.net\/es\/wp-json\/wp\/v2\/pages\/812\/revisions"}],"predecessor-version":[{"id":1140,"href":"https:\/\/integritywound.net\/es\/wp-json\/wp\/v2\/pages\/812\/revisions\/1140"}],"wp:featuredmedia":[{"embeddable":true,"href":"https:\/\/integritywound.net\/es\/wp-json\/wp\/v2\/media\/1139"}],"wp:attachment":[{"href":"https:\/\/integritywound.net\/es\/wp-json\/wp\/v2\/media?parent=812"}],"curies":[{"name":"wp","href":"https:\/\/api.w.org\/{rel}","templated":true}]}}