{"id":771,"date":"2020-11-26T06:38:43","date_gmt":"2020-11-26T06:38:43","guid":{"rendered":"http:\/\/www.slashcreative.co\/dmip\/psychare\/?page_id=771"},"modified":"2024-11-06T01:26:31","modified_gmt":"2024-11-06T01:26:31","slug":"diabetic-foot-wounds","status":"publish","type":"page","link":"https:\/\/integritywound.net\/es\/diabetic-foot-wounds\/","title":{"rendered":"Heridas por Pie Diab\u00e9tico"},"content":{"rendered":"<div class=\"wpb-content-wrapper\"><p><style><\/style><div class=\"vc_row wpb_row vc_row-fluid content-dark data-bg-color-69e5ac972f2c7 row-z-index-69e5ac972f2c7\" ><style><\/style><div class=\"wpb_column vc_column_container content-dark vc_col-sm-12 column-z-index-69e5ac972f4dd\"> \n        <div class=\"vc_column-inner\"> \n            <div class=\"wpb_wrapper\"><style>#slcr_custom_heading_69e5ac972fb28{ font-size: 27px;text-align: left;  }<\/style><h3 id=\"slcr_custom_heading_69e5ac972fb28\" class=\"vc_custom_heading vc_custom_1730696636904 font-700\" >Heridas por Pie Diab\u00e9tico<\/h3><style>#slcr_custom_heading_69e5ac972fc8c{ text-align: left;  }<\/style><p id=\"slcr_custom_heading_69e5ac972fc8c\" class=\"vc_custom_heading vc_custom_1730696964827 font-400\" >En Integrity Wound Care, nos dedicamos a brindar tratamiento especializado para heridas por pie diab\u00e9tico, comprendiendo los desaf\u00edos cr\u00edticos que representan. Estas heridas son una complicaci\u00f3n com\u00fan pero grave de la diabetes, a menudo causadas por neuropat\u00eda perif\u00e9rica y mala circulaci\u00f3n. Seg\u00fan la Asociaci\u00f3n Americana de la Diabetes, aproximadamente el 15% de las personas con diabetes desarrollar\u00e1 una \u00falcera en el pie durante su vida, lo que puede conllevar riesgos serios, como infecciones e incluso amputaciones.<\/p>\n<p>El impacto de las \u00falceras en la tasa de mortalidad es significativo. Investigaciones publicadas en Diabetes Care indican que la tasa de mortalidad a 5 a\u00f1os de personas con diabetes y \u00falceras en los pies es mayor que la de varios tipos de c\u00e1ncer.<\/p>\n<p>El tratamiento r\u00e1pido y eficaz de estas heridas es esencial. El cuidado tard\u00edo o inadecuado puede causar complicaciones que reducen la calidad de vida y escalan hacia problemas de salud m\u00e1s cr\u00edticos. Nuestro enfoque est\u00e1 dise\u00f1ado para fomentar una curaci\u00f3n m\u00e1s r\u00e1pida, minimizando el riesgo de infecci\u00f3n, hospitalizaci\u00f3n y la necesidad de intervenciones quir\u00fargicas.<\/p> \n            <\/div> \n        <\/div>\n    <\/div><\/div><style><\/style><div class=\"vc_row wpb_row vc_row-fluid content-dark data-bg-color-69e5ac972fd9b row-z-index-69e5ac972fd9b\" ><style><\/style><div class=\"wpb_column vc_column_container content-dark vc_col-sm-12 column-z-index-69e5ac972fe94\"> \n        <div class=\"vc_column-inner\"> \n            <div class=\"wpb_wrapper\"><div class=\"vc_separator wpb_content_element vc_separator_align_center vc_sep_width_100 vc_sep_pos_align_center vc_separator_no_text vc_custom_1606374141624 wpb_content_element  vc_custom_1606374141624 wpb_content_element\" ><span class=\"vc_sep_holder vc_sep_holder_l\"><span style=\"border-color:#eeeeee;\" class=\"vc_sep_line\"><\/span><\/span><span class=\"vc_sep_holder vc_sep_holder_r\"><span style=\"border-color:#eeeeee;\" class=\"vc_sep_line\"><\/span><\/span>\n<\/div> \n            <\/div> \n        <\/div>\n    <\/div><\/div><style><\/style><div class=\"vc_row wpb_row vc_row-fluid content-dark data-bg-color-69e5ac97302d7 row-z-index-69e5ac97302d7\" ><style><\/style><div class=\"wpb_column vc_column_container content-dark vc_col-sm-12 column-z-index-69e5ac9730454\"> \n        <div class=\"vc_column-inner\"> \n            <div class=\"wpb_wrapper\"><div class=\"vc_empty_space\"   style=\"height: 32px\"><span class=\"vc_empty_space_inner\"><\/span><\/div><div class=\"vc_separator wpb_content_element vc_separator_align_center vc_sep_width_100 vc_sep_pos_align_center vc_separator_no_text vc_custom_1606374739848 wpb_content_element  vc_custom_1606374739848 wpb_content_element\" ><span class=\"vc_sep_holder vc_sep_holder_l\"><span style=\"border-color:#eeeeee;\" class=\"vc_sep_line\"><\/span><\/span><span class=\"vc_sep_holder vc_sep_holder_r\"><span style=\"border-color:#eeeeee;\" class=\"vc_sep_line\"><\/span><\/span>\n<\/div> \n            <\/div> \n        <\/div>\n    <\/div><\/div><style><\/style><div class=\"vc_row wpb_row vc_row-fluid content-dark data-bg-color-69e5ac9731317 row-z-index-69e5ac9731317\" ><style><\/style><div class=\"wpb_column vc_column_container content-dark vc_col-sm-12 column-z-index-69e5ac9731430\"> \n        <div class=\"vc_column-inner\"> \n            <div class=\"wpb_wrapper\"> \n            <\/div> \n        <\/div>\n    <\/div><\/div>\n<\/div>","protected":false},"excerpt":{"rendered":"Diabetic Foot WoundsAt Integrity Wound Care, we are dedicated to providing specialized treatment for diabetic foot wounds, understanding the critical challenges these wounds present. Diabetic foot wounds are a common yet serious complication for individuals with diabetes, often resulting from peripheral neuropathy and poor circulation. According to the American Diabetes Association, about 15% of people [...]","protected":false},"author":1,"featured_media":1136,"parent":0,"menu_order":0,"comment_status":"closed","ping_status":"closed","template":"sidebar-right.php","meta":{"_acf_changed":false,"footnotes":""},"class_list":["post-771","page","type-page","status-publish","has-post-thumbnail","hentry"],"acf":[],"yoast_head":"<!-- This site is optimized with the Yoast SEO plugin v26.0 - https:\/\/yoast.com\/wordpress\/plugins\/seo\/ -->\n<title>Diabetic Foot Wounds - Integrity Wound Care<\/title>\n<meta name=\"description\" content=\"Integrity Wound Care specializes in treating diabetic foot wounds, a serious complication for those with diabetes. Our expert care addresses challenges like poor circulation and neuropathy to reduce infection risks and promote healing.\" \/>\n<meta name=\"robots\" content=\"index, follow, max-snippet:-1, max-image-preview:large, max-video-preview:-1\" \/>\n<link rel=\"canonical\" href=\"http:\/\/integritywound.net\/es\/diabetic-foot-wounds\/\" \/>\n<meta property=\"og:locale\" content=\"es_MX\" \/>\n<meta property=\"og:type\" content=\"article\" \/>\n<meta property=\"og:title\" content=\"Diabetic Foot Wounds - Integrity Wound Care\" \/>\n<meta property=\"og:description\" content=\"Integrity Wound Care specializes in treating diabetic foot wounds, a serious complication for those with diabetes. Our expert care addresses challenges like poor circulation and neuropathy to reduce infection risks and promote healing.\" \/>\n<meta property=\"og:url\" content=\"http:\/\/integritywound.net\/es\/diabetic-foot-wounds\/\" \/>\n<meta property=\"og:site_name\" content=\"Integrity Wound Care\" \/>\n<meta property=\"article:modified_time\" content=\"2024-11-06T01:26:31+00:00\" \/>\n<meta property=\"og:image\" content=\"http:\/\/integritywound.net\/wp-content\/uploads\/2024\/11\/diabetic_foot_wounds.jpg\" \/>\n\t<meta property=\"og:image:width\" content=\"1920\" \/>\n\t<meta property=\"og:image:height\" content=\"1310\" \/>\n\t<meta property=\"og:image:type\" content=\"image\/jpeg\" \/>\n<meta name=\"twitter:card\" content=\"summary_large_image\" \/>\n<meta name=\"twitter:label1\" content=\"Tiempo de lectura\" \/>\n\t<meta name=\"twitter:data1\" content=\"2 minutos\" \/>\n<script type=\"application\/ld+json\" class=\"yoast-schema-graph\">{\"@context\":\"https:\/\/schema.org\",\"@graph\":[{\"@type\":\"WebPage\",\"@id\":\"http:\/\/integritywound.net\/diabetic-foot-wounds\/\",\"url\":\"http:\/\/integritywound.net\/diabetic-foot-wounds\/\",\"name\":\"Diabetic Foot Wounds - Integrity Wound Care\",\"isPartOf\":{\"@id\":\"https:\/\/integritywound.net\/es\/#website\"},\"primaryImageOfPage\":{\"@id\":\"http:\/\/integritywound.net\/diabetic-foot-wounds\/#primaryimage\"},\"image\":{\"@id\":\"http:\/\/integritywound.net\/diabetic-foot-wounds\/#primaryimage\"},\"thumbnailUrl\":\"https:\/\/integritywound.net\/wp-content\/uploads\/2024\/11\/diabetic_foot_wounds.jpg\",\"datePublished\":\"2020-11-26T06:38:43+00:00\",\"dateModified\":\"2024-11-06T01:26:31+00:00\",\"description\":\"Integrity Wound Care specializes in treating diabetic foot wounds, a serious complication for those with diabetes. Our expert care addresses challenges like poor circulation and neuropathy to reduce infection risks and promote healing.\",\"breadcrumb\":{\"@id\":\"http:\/\/integritywound.net\/diabetic-foot-wounds\/#breadcrumb\"},\"inLanguage\":\"es\",\"potentialAction\":[{\"@type\":\"ReadAction\",\"target\":[\"http:\/\/integritywound.net\/diabetic-foot-wounds\/\"]}]},{\"@type\":\"ImageObject\",\"inLanguage\":\"es\",\"@id\":\"http:\/\/integritywound.net\/diabetic-foot-wounds\/#primaryimage\",\"url\":\"https:\/\/integritywound.net\/wp-content\/uploads\/2024\/11\/diabetic_foot_wounds.jpg\",\"contentUrl\":\"https:\/\/integritywound.net\/wp-content\/uploads\/2024\/11\/diabetic_foot_wounds.jpg\",\"width\":1920,\"height\":1310},{\"@type\":\"BreadcrumbList\",\"@id\":\"http:\/\/integritywound.net\/diabetic-foot-wounds\/#breadcrumb\",\"itemListElement\":[{\"@type\":\"ListItem\",\"position\":1,\"name\":\"Home\",\"item\":\"https:\/\/integritywound.net\/es\/\"},{\"@type\":\"ListItem\",\"position\":2,\"name\":\"Diabetic Foot Wounds\"}]},{\"@type\":\"WebSite\",\"@id\":\"https:\/\/integritywound.net\/es\/#website\",\"url\":\"https:\/\/integritywound.net\/es\/\",\"name\":\"Integrity Wound Care\",\"description\":\"\",\"potentialAction\":[{\"@type\":\"SearchAction\",\"target\":{\"@type\":\"EntryPoint\",\"urlTemplate\":\"https:\/\/integritywound.net\/es\/?s={search_term_string}\"},\"query-input\":{\"@type\":\"PropertyValueSpecification\",\"valueRequired\":true,\"valueName\":\"search_term_string\"}}],\"inLanguage\":\"es\"}]}<\/script>\n<!-- \/ Yoast SEO plugin. -->","yoast_head_json":{"title":"Diabetic Foot Wounds - Integrity Wound Care","description":"Integrity Wound Care specializes in treating diabetic foot wounds, a serious complication for those with diabetes. Our expert care addresses challenges like poor circulation and neuropathy to reduce infection risks and promote healing.","robots":{"index":"index","follow":"follow","max-snippet":"max-snippet:-1","max-image-preview":"max-image-preview:large","max-video-preview":"max-video-preview:-1"},"canonical":"http:\/\/integritywound.net\/es\/diabetic-foot-wounds\/","og_locale":"es_MX","og_type":"article","og_title":"Diabetic Foot Wounds - Integrity Wound Care","og_description":"Integrity Wound Care specializes in treating diabetic foot wounds, a serious complication for those with diabetes. Our expert care addresses challenges like poor circulation and neuropathy to reduce infection risks and promote healing.","og_url":"http:\/\/integritywound.net\/es\/diabetic-foot-wounds\/","og_site_name":"Integrity Wound Care","article_modified_time":"2024-11-06T01:26:31+00:00","og_image":[{"width":1920,"height":1310,"url":"http:\/\/integritywound.net\/wp-content\/uploads\/2024\/11\/diabetic_foot_wounds.jpg","type":"image\/jpeg"}],"twitter_card":"summary_large_image","twitter_misc":{"Tiempo de lectura":"2 minutos"},"schema":{"@context":"https:\/\/schema.org","@graph":[{"@type":"WebPage","@id":"http:\/\/integritywound.net\/diabetic-foot-wounds\/","url":"http:\/\/integritywound.net\/diabetic-foot-wounds\/","name":"Diabetic Foot Wounds - Integrity Wound Care","isPartOf":{"@id":"https:\/\/integritywound.net\/es\/#website"},"primaryImageOfPage":{"@id":"http:\/\/integritywound.net\/diabetic-foot-wounds\/#primaryimage"},"image":{"@id":"http:\/\/integritywound.net\/diabetic-foot-wounds\/#primaryimage"},"thumbnailUrl":"https:\/\/integritywound.net\/wp-content\/uploads\/2024\/11\/diabetic_foot_wounds.jpg","datePublished":"2020-11-26T06:38:43+00:00","dateModified":"2024-11-06T01:26:31+00:00","description":"Integrity Wound Care specializes in treating diabetic foot wounds, a serious complication for those with diabetes. Our expert care addresses challenges like poor circulation and neuropathy to reduce infection risks and promote healing.","breadcrumb":{"@id":"http:\/\/integritywound.net\/diabetic-foot-wounds\/#breadcrumb"},"inLanguage":"es","potentialAction":[{"@type":"ReadAction","target":["http:\/\/integritywound.net\/diabetic-foot-wounds\/"]}]},{"@type":"ImageObject","inLanguage":"es","@id":"http:\/\/integritywound.net\/diabetic-foot-wounds\/#primaryimage","url":"https:\/\/integritywound.net\/wp-content\/uploads\/2024\/11\/diabetic_foot_wounds.jpg","contentUrl":"https:\/\/integritywound.net\/wp-content\/uploads\/2024\/11\/diabetic_foot_wounds.jpg","width":1920,"height":1310},{"@type":"BreadcrumbList","@id":"http:\/\/integritywound.net\/diabetic-foot-wounds\/#breadcrumb","itemListElement":[{"@type":"ListItem","position":1,"name":"Home","item":"https:\/\/integritywound.net\/es\/"},{"@type":"ListItem","position":2,"name":"Diabetic Foot Wounds"}]},{"@type":"WebSite","@id":"https:\/\/integritywound.net\/es\/#website","url":"https:\/\/integritywound.net\/es\/","name":"Integrity Wound Care","description":"","potentialAction":[{"@type":"SearchAction","target":{"@type":"EntryPoint","urlTemplate":"https:\/\/integritywound.net\/es\/?s={search_term_string}"},"query-input":{"@type":"PropertyValueSpecification","valueRequired":true,"valueName":"search_term_string"}}],"inLanguage":"es"}]}},"_links":{"self":[{"href":"https:\/\/integritywound.net\/es\/wp-json\/wp\/v2\/pages\/771","targetHints":{"allow":["GET"]}}],"collection":[{"href":"https:\/\/integritywound.net\/es\/wp-json\/wp\/v2\/pages"}],"about":[{"href":"https:\/\/integritywound.net\/es\/wp-json\/wp\/v2\/types\/page"}],"author":[{"embeddable":true,"href":"https:\/\/integritywound.net\/es\/wp-json\/wp\/v2\/users\/1"}],"replies":[{"embeddable":true,"href":"https:\/\/integritywound.net\/es\/wp-json\/wp\/v2\/comments?post=771"}],"version-history":[{"count":7,"href":"https:\/\/integritywound.net\/es\/wp-json\/wp\/v2\/pages\/771\/revisions"}],"predecessor-version":[{"id":1137,"href":"https:\/\/integritywound.net\/es\/wp-json\/wp\/v2\/pages\/771\/revisions\/1137"}],"wp:featuredmedia":[{"embeddable":true,"href":"https:\/\/integritywound.net\/es\/wp-json\/wp\/v2\/media\/1136"}],"wp:attachment":[{"href":"https:\/\/integritywound.net\/es\/wp-json\/wp\/v2\/media?parent=771"}],"curies":[{"name":"wp","href":"https:\/\/api.w.org\/{rel}","templated":true}]}}