{"id":1025,"date":"2024-11-04T23:01:13","date_gmt":"2024-11-04T23:01:13","guid":{"rendered":"https:\/\/integritywound.net\/?page_id=1025"},"modified":"2024-11-24T15:37:43","modified_gmt":"2024-11-24T15:37:43","slug":"new-patients-referral-form-san-antonio","status":"publish","type":"page","link":"https:\/\/integritywound.net\/es\/new-patients-referral-form-san-antonio\/","title":{"rendered":"New Patients &#038; Referral Form &#8211; San Antonio"},"content":{"rendered":"<div class=\"wpb-content-wrapper\"><p><style><\/style><div class=\"vc_row wpb_row vc_row-fluid content-dark data-bg-color-69e5ad04ca5c1 row-z-index-69e5ad04ca5c1\" ><style><\/style><div class=\"wpb_column vc_column_container content-dark vc_col-sm-12 column-z-index-69e5ad04ca77d\"> \n        <div class=\"vc_column-inner\"> \n            <div class=\"wpb_wrapper\"><style>#slcr_custom_heading_69e5ad04caf5b{ font-size: 21px;text-align: left;  }<\/style><h4 id=\"slcr_custom_heading_69e5ad04caf5b\" class=\"vc_custom_heading vc_custom_1732462512864 font-700\" >San Antonio New Patients<\/h4><style>#slcr_custom_heading_69e5ad04cb05a{ font-size: 18px;text-align: left;  }<\/style><p id=\"slcr_custom_heading_69e5ad04cb05a\" class=\"vc_custom_heading vc_custom_1730761257770 font-600\" >A continuaci\u00f3n se presentan nuestras pautas generales para referidos junto con el formulario en l\u00ednea para pacientes nuevos.<\/p><style>#slcr_custom_heading_69e5ad04cb0ff{ text-align: left;  }<\/style><p id=\"slcr_custom_heading_69e5ad04cb0ff\" class=\"vc_custom_heading vc_custom_1730761784203 font-400\" >Nuestros pacientes principales tienen cobertura de Seguro Medico de Salud Parte B. Aunque no se requiere una referencia m\u00e9dica, solicitamos que el formulario de ingreso sea completado en su totalidad. Una vez recibido, verificamos la elegibilidad del seguro y gestionamos cualquier autorizaci\u00f3n previa necesaria.<\/p> \n            <\/div> \n        <\/div>\n    <\/div><\/div><style><\/style><div class=\"vc_row wpb_row vc_row-fluid content-dark data-bg-color-69e5ad04cb1eb row-z-index-69e5ad04cb1eb\" ><style><\/style><div class=\"wpb_column vc_column_container content-dark vc_col-sm-12 column-z-index-69e5ad04cb2ff\"> \n        <div class=\"vc_column-inner\"> \n            <div class=\"wpb_wrapper\"><style>#slcr_custom_heading_69e5ad04cb4b1{ font-size: 21px;line-height: 35px;text-align: left;  }<\/style><h4 id=\"slcr_custom_heading_69e5ad04cb4b1\" class=\"vc_custom_heading vc_custom_1730767384833 font-700\" >C\u00f3mo referir a un paciente<\/h4><div class=\"wpb_text_column wpb_content_element\" >\n\t\t<div class=\"wpb_wrapper\">\n\t\t\t<ul>\n<li>Por favor, complete el formulario de referencia de pacientes nuevos. El formulario se descargar\u00e1 de manera segura a nuestra oficina a trav\u00e9s de un sistema compatible con HIPAA. Si no puedes completarlo en l\u00ednea, cont\u00e1ctanos y te enviaremos una versi\u00f3n para imprimir por correo electr\u00f3nico o fax.<\/li>\n<li>Incluya las notas de progreso m\u00e1s recientes con medicamentos actuales y resultados de laboratorio pertinentes. Si no puedes subirlos a trav\u00e9s del formulario, env\u00edelos por fax.<\/li>\n<li>Una vez que se obtenga la autorizaci\u00f3n, contactaremos al paciente para programar su primera cita. Las autorizaciones se procesan t\u00edpicamente dentro de 48 horas.<\/li>\n<\/ul>\n\n\t\t<\/div>\n\t<\/div><div class=\"vc_separator wpb_content_element vc_separator_align_center vc_sep_width_100 vc_sep_pos_align_center vc_separator_no_text vc_custom_1606374141624 wpb_content_element  vc_custom_1606374141624 wpb_content_element\" ><span class=\"vc_sep_holder vc_sep_holder_l\"><span style=\"border-color:#eeeeee;\" class=\"vc_sep_line\"><\/span><\/span><span class=\"vc_sep_holder vc_sep_holder_r\"><span style=\"border-color:#eeeeee;\" class=\"vc_sep_line\"><\/span><\/span>\n<\/div> \n            <\/div> \n        <\/div>\n    <\/div><\/div><style><\/style><div class=\"vc_row wpb_row vc_row-fluid content-dark data-bg-color-69e5ad04cb970 row-z-index-69e5ad04cb970\" ><style><\/style><div class=\"wpb_column vc_column_container content-dark vc_col-sm-12 column-z-index-69e5ad04cba1f\"> \n        <div class=\"vc_column-inner\"> \n            <div class=\"wpb_wrapper\"><style>#slcr_custom_heading_69e5ad04cbb4d{ font-size: 21px;line-height: 35px;text-align: left;  }<\/style><h4 id=\"slcr_custom_heading_69e5ad04cbb4d\" class=\"vc_custom_heading vc_custom_1730767366803 font-700\" >Pautas para Referencia:<\/h4><div class=\"wpb_text_column wpb_content_element\" >\n\t\t<div class=\"wpb_wrapper\">\n\t\t\t<ul>\n<li>Pacientes con heridas que no han sanado en 4\u20136 semanas.<\/li>\n<li>Heridas abiertas de 1 cm o m\u00e1s.<\/li>\n<li>Heridas que han reducido menos del 50% en tama\u00f1o en los \u00faltimos 30 d\u00edas.<\/li>\n<li>Pacientes con cobertura de Medicare Parte B.<\/li>\n<\/ul>\n\n\t\t<\/div>\n\t<\/div><div class=\"vc_separator wpb_content_element vc_separator_align_center vc_sep_width_100 vc_sep_pos_align_center vc_separator_no_text vc_custom_1606374141624 wpb_content_element  vc_custom_1606374141624 wpb_content_element\" ><span class=\"vc_sep_holder vc_sep_holder_l\"><span style=\"border-color:#eeeeee;\" class=\"vc_sep_line\"><\/span><\/span><span class=\"vc_sep_holder vc_sep_holder_r\"><span style=\"border-color:#eeeeee;\" class=\"vc_sep_line\"><\/span><\/span>\n<\/div> \n            <\/div> \n        <\/div>\n    <\/div><\/div><style><\/style><div class=\"vc_row wpb_row vc_row-fluid content-dark data-bg-color-69e5ad04cbeeb row-z-index-69e5ad04cbeeb\" ><style><\/style><div class=\"wpb_column vc_column_container content-dark vc_col-sm-12 column-z-index-69e5ad04cbfa4\"> \n        <div class=\"vc_column-inner\"> \n            <div class=\"wpb_wrapper\"><style>#slcr_custom_heading_69e5ad04cc0dd{ font-size: 21px;line-height: 35px;text-align: left;  }<\/style><h4 id=\"slcr_custom_heading_69e5ad04cc0dd\" class=\"vc_custom_heading vc_custom_1730767356803 font-700\" >Informaci\u00f3n de Cobertura:<\/h4><div class=\"wpb_text_column wpb_content_element\" >\n\t\t<div class=\"wpb_wrapper\">\n\t\t\t<ul>\n<li>No somos clasificados como atenci\u00f3n m\u00e9dica en el hogar y facturamos a trav\u00e9s de Seguro Medico Tradicional, Parte B.<\/li>\n<li>Pacientes con Seguro Medico tradicional Partes A y B pueden recibir nuestros servicios de heridas junto con atenci\u00f3n m\u00e9dica domiciliaria.<\/li>\n<li>Un n\u00famero de identificaci\u00f3n de Seguro Medico Tradicional comienza con un n\u00famero seguido de una letra y tiene 11 caracteres (ej. 1EG4-TE5-MK72).<\/li>\n<li>Tenga en cuenta que los Planes de Medicare Advantage no cubren nuestro plan de tratamiento.<\/li>\n<\/ul>\n\n\t\t<\/div>\n\t<\/div><div class=\"vc_separator wpb_content_element vc_separator_align_center vc_sep_width_100 vc_sep_pos_align_center vc_separator_no_text vc_custom_1606374141624 wpb_content_element  vc_custom_1606374141624 wpb_content_element\" ><span class=\"vc_sep_holder vc_sep_holder_l\"><span style=\"border-color:#eeeeee;\" class=\"vc_sep_line\"><\/span><\/span><span class=\"vc_sep_holder vc_sep_holder_r\"><span style=\"border-color:#eeeeee;\" class=\"vc_sep_line\"><\/span><\/span>\n<\/div> \n            <\/div> \n        <\/div>\n    <\/div><\/div><style><\/style><div class=\"vc_row wpb_row vc_row-fluid content-dark data-bg-color-69e5ad04cc431 row-z-index-69e5ad04cc431\" ><style><\/style><div class=\"wpb_column vc_column_container content-dark vc_col-sm-12 column-z-index-69e5ad04cc544\"> \n        <div class=\"vc_column-inner\"> \n            <div class=\"wpb_wrapper\"><style>#slcr_custom_heading_69e5ad04cc6bd{ font-size: 21px;text-align: left;  }<\/style><h4 id=\"slcr_custom_heading_69e5ad04cc6bd\" class=\"vc_custom_heading font-700\" >Formulario de Ingreso de Pacientes Nuevos<\/h4><div class=\"wpb_text_column wpb_content_element\" >\n\t\t<div class=\"wpb_wrapper\">\n\t\t\t<div data-secure-form=\"integritywound-san_antonio\" data-secure-form-transparent-background=\"true\"><\/div>\n<p><script src=\"https:\/\/hushforms.com\/f\/public\/javascript\/embed-hush-form.js\"><\/script><\/p>\n\n\t\t<\/div>\n\t<\/div> \n            <\/div> \n        <\/div>\n    <\/div><\/div>\n<\/div>","protected":false},"excerpt":{"rendered":"San Antonio New PatientsBelow are our general referral guidelines along with our online intake form for new patients.Our primary patients have Medicare Part B coverage. While a medical referral is not required, we do ask that our new patient intake form is fully completed. Once we receive the intake form, we will verify insurance eligibility [...]","protected":false},"author":1,"featured_media":1131,"parent":0,"menu_order":0,"comment_status":"closed","ping_status":"closed","template":"","meta":{"_acf_changed":false,"footnotes":""},"class_list":["post-1025","page","type-page","status-publish","has-post-thumbnail","hentry"],"acf":[],"yoast_head":"<!-- This site is optimized with the Yoast SEO plugin v26.0 - https:\/\/yoast.com\/wordpress\/plugins\/seo\/ -->\n<title>New Patients &amp; Referral Form - San Antonio - Integrity Wound Care<\/title>\n<meta name=\"description\" content=\"Explore Integrity Wound Care\u2019s referral guidelines and access our online intake form for new patients. We primarily serve Medicare Part B patients. No medical referral is required, but completing our intake form helps us verify insurance and process authorizations efficiently.\" \/>\n<meta name=\"robots\" content=\"index, follow, max-snippet:-1, max-image-preview:large, max-video-preview:-1\" \/>\n<link rel=\"canonical\" href=\"http:\/\/integritywound.net\/es\/new-patients-referral-form-san-antonio\/\" \/>\n<meta property=\"og:locale\" content=\"es_MX\" \/>\n<meta property=\"og:type\" content=\"article\" \/>\n<meta property=\"og:title\" content=\"New Patients &amp; Referral Form - San Antonio - Integrity Wound Care\" \/>\n<meta property=\"og:description\" content=\"Explore Integrity Wound Care\u2019s referral guidelines and access our online intake form for new patients. We primarily serve Medicare Part B patients. No medical referral is required, but completing our intake form helps us verify insurance and process authorizations efficiently.\" \/>\n<meta property=\"og:url\" content=\"http:\/\/integritywound.net\/es\/new-patients-referral-form-san-antonio\/\" \/>\n<meta property=\"og:site_name\" content=\"Integrity Wound Care\" \/>\n<meta property=\"article:modified_time\" content=\"2024-11-24T15:37:43+00:00\" \/>\n<meta property=\"og:image\" content=\"http:\/\/integritywound.net\/wp-content\/uploads\/2024\/11\/new_referral.jpg\" \/>\n\t<meta property=\"og:image:width\" content=\"1920\" \/>\n\t<meta property=\"og:image:height\" content=\"851\" \/>\n\t<meta property=\"og:image:type\" content=\"image\/jpeg\" \/>\n<meta name=\"twitter:card\" content=\"summary_large_image\" \/>\n<meta name=\"twitter:label1\" content=\"Tiempo de lectura\" \/>\n\t<meta name=\"twitter:data1\" content=\"2 minutos\" \/>\n<script type=\"application\/ld+json\" class=\"yoast-schema-graph\">{\"@context\":\"https:\/\/schema.org\",\"@graph\":[{\"@type\":\"WebPage\",\"@id\":\"http:\/\/integritywound.net\/new-patients-referral-form-san-antonio\/\",\"url\":\"http:\/\/integritywound.net\/new-patients-referral-form-san-antonio\/\",\"name\":\"New Patients & Referral Form - San Antonio - Integrity Wound Care\",\"isPartOf\":{\"@id\":\"https:\/\/integritywound.net\/es\/#website\"},\"primaryImageOfPage\":{\"@id\":\"http:\/\/integritywound.net\/new-patients-referral-form-san-antonio\/#primaryimage\"},\"image\":{\"@id\":\"http:\/\/integritywound.net\/new-patients-referral-form-san-antonio\/#primaryimage\"},\"thumbnailUrl\":\"https:\/\/integritywound.net\/wp-content\/uploads\/2024\/11\/new_referral.jpg\",\"datePublished\":\"2024-11-04T23:01:13+00:00\",\"dateModified\":\"2024-11-24T15:37:43+00:00\",\"description\":\"Explore Integrity Wound Care\u2019s referral guidelines and access our online intake form for new patients. We primarily serve Medicare Part B patients. No medical referral is required, but completing our intake form helps us verify insurance and process authorizations efficiently.\",\"breadcrumb\":{\"@id\":\"http:\/\/integritywound.net\/new-patients-referral-form-san-antonio\/#breadcrumb\"},\"inLanguage\":\"es\",\"potentialAction\":[{\"@type\":\"ReadAction\",\"target\":[\"http:\/\/integritywound.net\/new-patients-referral-form-san-antonio\/\"]}]},{\"@type\":\"ImageObject\",\"inLanguage\":\"es\",\"@id\":\"http:\/\/integritywound.net\/new-patients-referral-form-san-antonio\/#primaryimage\",\"url\":\"https:\/\/integritywound.net\/wp-content\/uploads\/2024\/11\/new_referral.jpg\",\"contentUrl\":\"https:\/\/integritywound.net\/wp-content\/uploads\/2024\/11\/new_referral.jpg\",\"width\":1920,\"height\":851},{\"@type\":\"BreadcrumbList\",\"@id\":\"http:\/\/integritywound.net\/new-patients-referral-form-san-antonio\/#breadcrumb\",\"itemListElement\":[{\"@type\":\"ListItem\",\"position\":1,\"name\":\"Home\",\"item\":\"https:\/\/integritywound.net\/es\/\"},{\"@type\":\"ListItem\",\"position\":2,\"name\":\"New Patients &#038; Referral Form &#8211; San Antonio\"}]},{\"@type\":\"WebSite\",\"@id\":\"https:\/\/integritywound.net\/es\/#website\",\"url\":\"https:\/\/integritywound.net\/es\/\",\"name\":\"Integrity Wound Care\",\"description\":\"\",\"potentialAction\":[{\"@type\":\"SearchAction\",\"target\":{\"@type\":\"EntryPoint\",\"urlTemplate\":\"https:\/\/integritywound.net\/es\/?s={search_term_string}\"},\"query-input\":{\"@type\":\"PropertyValueSpecification\",\"valueRequired\":true,\"valueName\":\"search_term_string\"}}],\"inLanguage\":\"es\"}]}<\/script>\n<!-- \/ Yoast SEO plugin. -->","yoast_head_json":{"title":"New Patients & Referral Form - San Antonio - Integrity Wound Care","description":"Explore Integrity Wound Care\u2019s referral guidelines and access our online intake form for new patients. We primarily serve Medicare Part B patients. No medical referral is required, but completing our intake form helps us verify insurance and process authorizations efficiently.","robots":{"index":"index","follow":"follow","max-snippet":"max-snippet:-1","max-image-preview":"max-image-preview:large","max-video-preview":"max-video-preview:-1"},"canonical":"http:\/\/integritywound.net\/es\/new-patients-referral-form-san-antonio\/","og_locale":"es_MX","og_type":"article","og_title":"New Patients & Referral Form - San Antonio - Integrity Wound Care","og_description":"Explore Integrity Wound Care\u2019s referral guidelines and access our online intake form for new patients. We primarily serve Medicare Part B patients. No medical referral is required, but completing our intake form helps us verify insurance and process authorizations efficiently.","og_url":"http:\/\/integritywound.net\/es\/new-patients-referral-form-san-antonio\/","og_site_name":"Integrity Wound Care","article_modified_time":"2024-11-24T15:37:43+00:00","og_image":[{"width":1920,"height":851,"url":"http:\/\/integritywound.net\/wp-content\/uploads\/2024\/11\/new_referral.jpg","type":"image\/jpeg"}],"twitter_card":"summary_large_image","twitter_misc":{"Tiempo de lectura":"2 minutos"},"schema":{"@context":"https:\/\/schema.org","@graph":[{"@type":"WebPage","@id":"http:\/\/integritywound.net\/new-patients-referral-form-san-antonio\/","url":"http:\/\/integritywound.net\/new-patients-referral-form-san-antonio\/","name":"New Patients & Referral Form - San Antonio - Integrity Wound Care","isPartOf":{"@id":"https:\/\/integritywound.net\/es\/#website"},"primaryImageOfPage":{"@id":"http:\/\/integritywound.net\/new-patients-referral-form-san-antonio\/#primaryimage"},"image":{"@id":"http:\/\/integritywound.net\/new-patients-referral-form-san-antonio\/#primaryimage"},"thumbnailUrl":"https:\/\/integritywound.net\/wp-content\/uploads\/2024\/11\/new_referral.jpg","datePublished":"2024-11-04T23:01:13+00:00","dateModified":"2024-11-24T15:37:43+00:00","description":"Explore Integrity Wound Care\u2019s referral guidelines and access our online intake form for new patients. We primarily serve Medicare Part B patients. No medical referral is required, but completing our intake form helps us verify insurance and process authorizations efficiently.","breadcrumb":{"@id":"http:\/\/integritywound.net\/new-patients-referral-form-san-antonio\/#breadcrumb"},"inLanguage":"es","potentialAction":[{"@type":"ReadAction","target":["http:\/\/integritywound.net\/new-patients-referral-form-san-antonio\/"]}]},{"@type":"ImageObject","inLanguage":"es","@id":"http:\/\/integritywound.net\/new-patients-referral-form-san-antonio\/#primaryimage","url":"https:\/\/integritywound.net\/wp-content\/uploads\/2024\/11\/new_referral.jpg","contentUrl":"https:\/\/integritywound.net\/wp-content\/uploads\/2024\/11\/new_referral.jpg","width":1920,"height":851},{"@type":"BreadcrumbList","@id":"http:\/\/integritywound.net\/new-patients-referral-form-san-antonio\/#breadcrumb","itemListElement":[{"@type":"ListItem","position":1,"name":"Home","item":"https:\/\/integritywound.net\/es\/"},{"@type":"ListItem","position":2,"name":"New Patients &#038; Referral Form &#8211; San Antonio"}]},{"@type":"WebSite","@id":"https:\/\/integritywound.net\/es\/#website","url":"https:\/\/integritywound.net\/es\/","name":"Integrity Wound Care","description":"","potentialAction":[{"@type":"SearchAction","target":{"@type":"EntryPoint","urlTemplate":"https:\/\/integritywound.net\/es\/?s={search_term_string}"},"query-input":{"@type":"PropertyValueSpecification","valueRequired":true,"valueName":"search_term_string"}}],"inLanguage":"es"}]}},"_links":{"self":[{"href":"https:\/\/integritywound.net\/es\/wp-json\/wp\/v2\/pages\/1025","targetHints":{"allow":["GET"]}}],"collection":[{"href":"https:\/\/integritywound.net\/es\/wp-json\/wp\/v2\/pages"}],"about":[{"href":"https:\/\/integritywound.net\/es\/wp-json\/wp\/v2\/types\/page"}],"author":[{"embeddable":true,"href":"https:\/\/integritywound.net\/es\/wp-json\/wp\/v2\/users\/1"}],"replies":[{"embeddable":true,"href":"https:\/\/integritywound.net\/es\/wp-json\/wp\/v2\/comments?post=1025"}],"version-history":[{"count":21,"href":"https:\/\/integritywound.net\/es\/wp-json\/wp\/v2\/pages\/1025\/revisions"}],"predecessor-version":[{"id":1206,"href":"https:\/\/integritywound.net\/es\/wp-json\/wp\/v2\/pages\/1025\/revisions\/1206"}],"wp:featuredmedia":[{"embeddable":true,"href":"https:\/\/integritywound.net\/es\/wp-json\/wp\/v2\/media\/1131"}],"wp:attachment":[{"href":"https:\/\/integritywound.net\/es\/wp-json\/wp\/v2\/media?parent=1025"}],"curies":[{"name":"wp","href":"https:\/\/api.w.org\/{rel}","templated":true}]}}